{"id":105,"date":"2019-01-13T14:11:37","date_gmt":"2019-01-13T14:11:37","guid":{"rendered":"http:\/\/www.haasclassics.de\/?page_id=105"},"modified":"2024-01-09T22:51:10","modified_gmt":"2024-01-09T22:51:10","slug":"produkte","status":"publish","type":"page","link":"https:\/\/www.haasclassics.de\/?page_id=105","title":{"rendered":"Produkte"},"content":{"rendered":"\n<p class=\"has-text-align-center\">Hier finden Sie eine kleine Auswahl unserer Artikel: <\/p>\n\n\n\n<p class=\"has-text-align-center\">T\u00fcrfangband Mercedes R 107 &amp; C 107<\/p>\n\n\n\n<div class=\"wp-block-image\"><figure class=\"aligncenter is-resized\"><a href=\"https:\/\/www.haasclassicsshop.de\/p\/tuerfangband-mercedes-benz-sl-slc-r-107-c-107\" target=\"_blank\" rel=\"noopener\"><img loading=\"lazy\" src=\"http:\/\/www.haasclassics.de\/wp-content\/uploads\/2019\/11\/7006001-2.jpg\" alt=\"\" class=\"wp-image-259\" width=\"265\" height=\"261\"\/><\/a><\/figure><\/div>\n\n\n\n<p class=\"has-text-align-center\">Gebl\u00e4semotor Porsche 911 &amp; Mercedes Benz W 108<\/p>\n\n\n\n<div class=\"wp-block-image\"><figure class=\"aligncenter is-resized\"><img loading=\"lazy\" src=\"https:\/\/www.haasclassics.de\/wp-content\/uploads\/2020\/01\/Haas-Classics-0003004-300x300.jpg\" alt=\"\" class=\"wp-image-270\" width=\"265\" height=\"270\"\/><\/figure><\/div>\n\n\n\n<p class=\"has-text-align-center\">Reparatursatz Wischerwelle Mercedes Benz W113 &amp; W110<\/p>\n\n\n\n<div class=\"wp-block-image\"><figure class=\"aligncenter is-resized\"><a href=\"https:\/\/www.haasclassicsshop.de\/p\/befestigungssatz-fuer-wischerarme-pagode\"><img loading=\"lazy\" src=\"http:\/\/www.haasclassics.de\/wp-content\/uploads\/2019\/02\/Haas_Classics_Mercedes_Benz_-Reparatursatz_-W113_W110-1024x768.jpg\" alt=\"\" class=\"wp-image-216\" width=\"265\" height=\"194\"\/><\/a><\/figure><\/div>\n\n\n\n<p class=\"has-text-align-center\">Gummilager L\u00e4ngslenkerbuchsen Mercedes W107 W114 W123 (exzentrisch)<\/p>\n\n\n\n<div class=\"wp-block-image\"><figure class=\"aligncenter is-resized\"><img loading=\"lazy\" src=\"http:\/\/www.haasclassics.de\/wp-content\/uploads\/2020\/01\/Haas-Classics-0008001.jpg\" alt=\"\" class=\"wp-image-264\" width=\"265\" height=\"259\"\/><\/figure><\/div>\n\n\n\n<p class=\"has-text-align-center\">Handbremsseile Mercedes Benz  R 107<\/p>\n\n\n\n<div class=\"wp-block-image\"><figure class=\"aligncenter is-resized\"><img src=\"https:\/\/www.haasclassics.de\/wp-content\/uploads\/2020\/03\/IMG_0533-244x300.jpg\" alt=\"\" class=\"wp-image-283\" width=\"256\" srcset=\"https:\/\/www.haasclassics.de\/wp-content\/uploads\/2020\/03\/IMG_0533-244x300.jpg 244w, https:\/\/www.haasclassics.de\/wp-content\/uploads\/2020\/03\/IMG_0533-768x944.jpg 768w, https:\/\/www.haasclassics.de\/wp-content\/uploads\/2020\/03\/IMG_0533-833x1024.jpg 833w, https:\/\/www.haasclassics.de\/wp-content\/uploads\/2020\/03\/IMG_0533.jpg 1761w\" sizes=\"(max-width: 244px) 100vw, 244px\" \/><\/figure><\/div>\n\n\n\n<p class=\"has-text-align-center\">Seilzug f\u00fcr Verdeckkastendeckel Mercedes Benz  Pagode W113<\/p>\n\n\n\n<div class=\"wp-block-image\"><figure class=\"aligncenter is-resized\"><img loading=\"lazy\" src=\"https:\/\/www.haasclassics.de\/wp-content\/uploads\/2020\/01\/Haas_Classics_Germany_-3006001-300x258.jpg\" alt=\"\" class=\"wp-image-268\" width=\"265\" height=\"225\"\/><\/figure><\/div>\n\n\n\n<p class=\"has-text-align-center\">Handbremsseil Mercedes Benz  Pagode W113<\/p>\n\n\n\n<div class=\"wp-block-image\"><figure class=\"aligncenter is-resized\"><img src=\"https:\/\/www.haasclassics.de\/wp-content\/uploads\/2020\/03\/IMG_0358-300x225.jpg\" alt=\"\" class=\"wp-image-284\" width=\"256\" srcset=\"https:\/\/www.haasclassics.de\/wp-content\/uploads\/2020\/03\/IMG_0358-300x225.jpg 300w, https:\/\/www.haasclassics.de\/wp-content\/uploads\/2020\/03\/IMG_0358-768x576.jpg 768w, https:\/\/www.haasclassics.de\/wp-content\/uploads\/2020\/03\/IMG_0358-1024x768.jpg 1024w\" sizes=\"(max-width: 300px) 100vw, 300px\" \/><\/figure><\/div>\n\n\n\n<p class=\"has-text-align-center\">Leerlaufregelventil Mercedes W124 W126 R129 W201<\/p>\n\n\n\n<div class=\"wp-block-image\"><figure class=\"aligncenter is-resized\"><img loading=\"lazy\" src=\"https:\/\/www.haasclassics.de\/wp-content\/uploads\/2020\/01\/Haas-Classics-Regler-1-225x300.jpg\" alt=\"\" class=\"wp-image-265\" width=\"265\" height=\"352\" srcset=\"https:\/\/www.haasclassics.de\/wp-content\/uploads\/2020\/01\/Haas-Classics-Regler-1-225x300.jpg 225w, https:\/\/www.haasclassics.de\/wp-content\/uploads\/2020\/01\/Haas-Classics-Regler-1-768x1024.jpg 768w\" sizes=\"(max-width: 265px) 100vw, 265px\" \/><\/figure><\/div>\n\n\n\n<p class=\"has-text-align-center\">Wischerarme Mercedes Benz W113 Pagode<\/p>\n\n\n\n<div class=\"wp-block-image\"><figure class=\"aligncenter is-resized\"><img loading=\"lazy\" src=\"http:\/\/www.haasclassics.de\/wp-content\/uploads\/2019\/01\/IMG_8152-1024x768.jpg\" alt=\"\" class=\"wp-image-117\" width=\"256\" height=\"192\" srcset=\"https:\/\/www.haasclassics.de\/wp-content\/uploads\/2019\/01\/IMG_8152-1024x768.jpg 1024w, https:\/\/www.haasclassics.de\/wp-content\/uploads\/2019\/01\/IMG_8152-300x225.jpg 300w, https:\/\/www.haasclassics.de\/wp-content\/uploads\/2019\/01\/IMG_8152-768x576.jpg 768w\" sizes=\"(max-width: 256px) 100vw, 256px\" \/><\/figure><\/div>\n\n\n\n<p class=\"has-text-align-center\">Wischerbl\u00e4tter Mercedes Benz W113 Pagode<\/p>\n\n\n\n<div class=\"wp-block-image\"><figure class=\"aligncenter is-resized\"><img loading=\"lazy\" src=\"http:\/\/www.haasclassics.de\/wp-content\/uploads\/2019\/01\/IMG_8155-1024x768.jpg\" alt=\"\" class=\"wp-image-116\" width=\"256\" height=\"192\" srcset=\"https:\/\/www.haasclassics.de\/wp-content\/uploads\/2019\/01\/IMG_8155-1024x768.jpg 1024w, https:\/\/www.haasclassics.de\/wp-content\/uploads\/2019\/01\/IMG_8155-300x225.jpg 300w, https:\/\/www.haasclassics.de\/wp-content\/uploads\/2019\/01\/IMG_8155-768x576.jpg 768w\" sizes=\"(max-width: 256px) 100vw, 256px\" \/><\/figure><\/div>\n\n\n\n<p class=\"has-text-align-center\">T\u00fcrkontaktschalter Mercedes Benz R107, W108, W114, W115<\/p>\n\n\n\n<div class=\"wp-block-image\"><figure class=\"aligncenter is-resized\"><img loading=\"lazy\" src=\"https:\/\/www.haasclassics.de\/wp-content\/uploads\/2019\/01\/IMG_8157-1024x768.jpg\" alt=\"\" class=\"wp-image-121\" width=\"256\" height=\"192\" srcset=\"https:\/\/www.haasclassics.de\/wp-content\/uploads\/2019\/01\/IMG_8157-1024x768.jpg 1024w, https:\/\/www.haasclassics.de\/wp-content\/uploads\/2019\/01\/IMG_8157-300x225.jpg 300w, https:\/\/www.haasclassics.de\/wp-content\/uploads\/2019\/01\/IMG_8157-768x576.jpg 768w\" sizes=\"(max-width: 256px) 100vw, 256px\" \/><\/figure><\/div>\n\n\n\n<p class=\"has-text-align-center\">R\u00fcckzugfeder Mercedes Benz W113<\/p>\n\n\n\n<div class=\"wp-block-image\"><figure class=\"aligncenter is-resized\"><img src=\"https:\/\/www.haasclassics.de\/wp-content\/uploads\/2020\/03\/Haas-Classics_Feder_1-300x225.jpg\" alt=\"\" class=\"wp-image-281\" width=\"256\" srcset=\"https:\/\/www.haasclassics.de\/wp-content\/uploads\/2020\/03\/Haas-Classics_Feder_1-300x225.jpg 300w, https:\/\/www.haasclassics.de\/wp-content\/uploads\/2020\/03\/Haas-Classics_Feder_1-768x576.jpg 768w, https:\/\/www.haasclassics.de\/wp-content\/uploads\/2020\/03\/Haas-Classics_Feder_1-1024x768.jpg 1024w\" sizes=\"(max-width: 300px) 100vw, 300px\" \/><\/figure><\/div>\n\n\n\n<p class=\"has-text-align-center\">Warnblinkschalter Mercedes Benz W123, C107, R107<\/p>\n\n\n\n<div class=\"wp-block-image\"><figure class=\"aligncenter is-resized\"><img loading=\"lazy\" src=\"http:\/\/www.haasclassics.de\/wp-content\/uploads\/2019\/01\/IMG_8161-1024x768.jpg\" alt=\"\" class=\"wp-image-132\" width=\"256\" height=\"192\" srcset=\"https:\/\/www.haasclassics.de\/wp-content\/uploads\/2019\/01\/IMG_8161-1024x768.jpg 1024w, https:\/\/www.haasclassics.de\/wp-content\/uploads\/2019\/01\/IMG_8161-300x225.jpg 300w, https:\/\/www.haasclassics.de\/wp-content\/uploads\/2019\/01\/IMG_8161-768x576.jpg 768w\" sizes=\"(max-width: 256px) 100vw, 256px\" \/><\/figure><\/div>\n","protected":false},"excerpt":{"rendered":"<p>Hier finden Sie eine kleine Auswahl unserer Artikel: T\u00fcrfangband Mercedes R 107 &amp; C 107 Gebl\u00e4semotor Porsche 911 &amp; Mercedes Benz W 108 Reparatursatz Wischerwelle Mercedes Benz W113 &amp; W110 Gummilager L\u00e4ngslenkerbuchsen Mercedes W107 W114 W123 (exzentrisch) Handbremsseile Mercedes Benz R 107 Seilzug f\u00fcr Verdeckkastendeckel Mercedes Benz Pagode W113 Handbremsseil Mercedes Benz Pagode W113 Leerlaufregelventil &hellip; <\/p>\n<p class=\"link-more\"><a href=\"https:\/\/www.haasclassics.de\/?page_id=105\" class=\"more-link\"><span class=\"screen-reader-text\">&#8222;Produkte&#8220;<\/span> weiterlesen<\/a><\/p>\n","protected":false},"author":1,"featured_media":0,"parent":0,"menu_order":0,"comment_status":"closed","ping_status":"closed","template":"","meta":[],"_links":{"self":[{"href":"https:\/\/www.haasclassics.de\/index.php?rest_route=\/wp\/v2\/pages\/105"}],"collection":[{"href":"https:\/\/www.haasclassics.de\/index.php?rest_route=\/wp\/v2\/pages"}],"about":[{"href":"https:\/\/www.haasclassics.de\/index.php?rest_route=\/wp\/v2\/types\/page"}],"author":[{"embeddable":true,"href":"https:\/\/www.haasclassics.de\/index.php?rest_route=\/wp\/v2\/users\/1"}],"replies":[{"embeddable":true,"href":"https:\/\/www.haasclassics.de\/index.php?rest_route=%2Fwp%2Fv2%2Fcomments&post=105"}],"version-history":[{"count":28,"href":"https:\/\/www.haasclassics.de\/index.php?rest_route=\/wp\/v2\/pages\/105\/revisions"}],"predecessor-version":[{"id":394,"href":"https:\/\/www.haasclassics.de\/index.php?rest_route=\/wp\/v2\/pages\/105\/revisions\/394"}],"wp:attachment":[{"href":"https:\/\/www.haasclassics.de\/index.php?rest_route=%2Fwp%2Fv2%2Fmedia&parent=105"}],"curies":[{"name":"wp","href":"https:\/\/api.w.org\/{rel}","templated":true}]}}