{"id":154,"date":"2019-01-13T16:05:01","date_gmt":"2019-01-13T16:05:01","guid":{"rendered":"http:\/\/www.haasclassics.de\/?page_id=154"},"modified":"2021-03-17T21:06:03","modified_gmt":"2021-03-17T21:06:03","slug":"ueber-uns-kontakt","status":"publish","type":"page","link":"https:\/\/www.haasclassics.de\/?page_id=154","title":{"rendered":"\u00dcber uns"},"content":{"rendered":"\n<blockquote class=\"wp-block-quote\"><p>Haas Classics bietet Ihnen exklusive Produkte und Fachwissen bei der Reproduktion von Teilen, im Gegensatz zu herk\u00f6mmlichen Ersatzteileh\u00e4ndlern.<\/p><p><br>Wir sind stolz darauf, unseren Kunden au\u00dfergew\u00f6hnliche Ersparnisse anbieten zu k\u00f6nnen, ohne auf Qualit\u00e4t oder Service verzichten zu m\u00fcssen. <\/p><p><br>Profitieren Sie von \u00fcber 30 Jahre Erfahrung bei der Beschaffung und dem Handel mit Ersatzteilen f\u00fcr klassische Fahrzeuge!<\/p><\/blockquote>\n\n\n\n<figure class=\"wp-block-image\"><img loading=\"lazy\" width=\"634\" height=\"628\" src=\"http:\/\/www.haasclassics.de\/wp-content\/uploads\/2019\/03\/IMG_9562.png\" alt=\"\" class=\"wp-image-235\" srcset=\"https:\/\/www.haasclassics.de\/wp-content\/uploads\/2019\/03\/IMG_9562.png 634w, https:\/\/www.haasclassics.de\/wp-content\/uploads\/2019\/03\/IMG_9562-150x150.png 150w, https:\/\/www.haasclassics.de\/wp-content\/uploads\/2019\/03\/IMG_9562-300x297.png 300w, https:\/\/www.haasclassics.de\/wp-content\/uploads\/2019\/03\/IMG_9562-100x100.png 100w\" sizes=\"(max-width: 634px) 100vw, 634px\" \/><\/figure>\n","protected":false},"excerpt":{"rendered":"<p>Haas Classics bietet Ihnen exklusive Produkte und Fachwissen bei der Reproduktion von Teilen, im Gegensatz zu herk\u00f6mmlichen Ersatzteileh\u00e4ndlern. Wir sind stolz darauf, unseren Kunden au\u00dfergew\u00f6hnliche Ersparnisse anbieten zu k\u00f6nnen, ohne auf Qualit\u00e4t oder Service verzichten zu m\u00fcssen. Profitieren Sie von \u00fcber 30 Jahre Erfahrung bei der Beschaffung und dem Handel mit Ersatzteilen f\u00fcr klassische Fahrzeuge!<\/p>\n","protected":false},"author":1,"featured_media":0,"parent":0,"menu_order":0,"comment_status":"closed","ping_status":"closed","template":"","meta":[],"_links":{"self":[{"href":"https:\/\/www.haasclassics.de\/index.php?rest_route=\/wp\/v2\/pages\/154"}],"collection":[{"href":"https:\/\/www.haasclassics.de\/index.php?rest_route=\/wp\/v2\/pages"}],"about":[{"href":"https:\/\/www.haasclassics.de\/index.php?rest_route=\/wp\/v2\/types\/page"}],"author":[{"embeddable":true,"href":"https:\/\/www.haasclassics.de\/index.php?rest_route=\/wp\/v2\/users\/1"}],"replies":[{"embeddable":true,"href":"https:\/\/www.haasclassics.de\/index.php?rest_route=%2Fwp%2Fv2%2Fcomments&post=154"}],"version-history":[{"count":4,"href":"https:\/\/www.haasclassics.de\/index.php?rest_route=\/wp\/v2\/pages\/154\/revisions"}],"predecessor-version":[{"id":333,"href":"https:\/\/www.haasclassics.de\/index.php?rest_route=\/wp\/v2\/pages\/154\/revisions\/333"}],"wp:attachment":[{"href":"https:\/\/www.haasclassics.de\/index.php?rest_route=%2Fwp%2Fv2%2Fmedia&parent=154"}],"curies":[{"name":"wp","href":"https:\/\/api.w.org\/{rel}","templated":true}]}}