{"id":172,"date":"2019-01-13T19:21:44","date_gmt":"2019-01-13T19:21:44","guid":{"rendered":"http:\/\/www.haasclassics.de\/?page_id=172"},"modified":"2023-09-27T22:00:41","modified_gmt":"2023-09-27T22:00:41","slug":"impressum","status":"publish","type":"page","link":"https:\/\/www.haasclassics.de\/?page_id=172","title":{"rendered":"Impressum"},"content":{"rendered":"\n<p class=\"has-medium-font-size\">Verantwortlich f\u00fcr die Inhalte dieser Webpr\u00e4senz:<\/p>\n\n\n\n<p>Angaben gem. \u00a7 5 TGM<\/p>\n\n\n\n<p>Ingo Hartmann<\/p>\n\n\n\n<p>Prinz-Ludwig-Stra\u00dfe 55<br><\/p>\n\n\n\n<p>85354 Freising<\/p>\n\n\n\n<p>Mobil: 0172-9957736<\/p>\n\n\n\n<p>E-Mail: info(at)haasclassics.de<\/p>\n\n\n\n<p><\/p>\n\n\n\n<p>Umsatzsteuer-Identifikationsnummer gem\u00e4\u00df \u00a727 a Umsatzsteuergesetz:<br>DE 184101815<\/p>\n\n\n\n<p>Wir sind nicht bereit oder verpflichtet, an Streitbeilegungsverfahren vor einer Verbraucherschlichtungsstelle teilzunehmen.<\/p>\n\n\n\n<figure class=\"wp-block-image\"><img loading=\"lazy\" width=\"630\" height=\"624\" src=\"http:\/\/www.haasclassics.de\/wp-content\/uploads\/2019\/03\/IMG_9559.png\" alt=\"\" class=\"wp-image-232\" srcset=\"https:\/\/www.haasclassics.de\/wp-content\/uploads\/2019\/03\/IMG_9559.png 630w, https:\/\/www.haasclassics.de\/wp-content\/uploads\/2019\/03\/IMG_9559-150x150.png 150w, https:\/\/www.haasclassics.de\/wp-content\/uploads\/2019\/03\/IMG_9559-300x297.png 300w, https:\/\/www.haasclassics.de\/wp-content\/uploads\/2019\/03\/IMG_9559-100x100.png 100w\" sizes=\"(max-width: 630px) 100vw, 630px\" \/><\/figure>\n","protected":false},"excerpt":{"rendered":"<p>Verantwortlich f\u00fcr die Inhalte dieser Webpr\u00e4senz: Angaben gem. \u00a7 5 TGM Ingo Hartmann Prinz-Ludwig-Stra\u00dfe 55 85354 Freising Mobil: 0172-9957736 E-Mail: info(at)haasclassics.de Umsatzsteuer-Identifikationsnummer gem\u00e4\u00df \u00a727 a Umsatzsteuergesetz:DE 184101815 Wir sind nicht bereit oder verpflichtet, an Streitbeilegungsverfahren vor einer Verbraucherschlichtungsstelle teilzunehmen.<\/p>\n","protected":false},"author":1,"featured_media":0,"parent":0,"menu_order":0,"comment_status":"closed","ping_status":"closed","template":"","meta":[],"_links":{"self":[{"href":"https:\/\/www.haasclassics.de\/index.php?rest_route=\/wp\/v2\/pages\/172"}],"collection":[{"href":"https:\/\/www.haasclassics.de\/index.php?rest_route=\/wp\/v2\/pages"}],"about":[{"href":"https:\/\/www.haasclassics.de\/index.php?rest_route=\/wp\/v2\/types\/page"}],"author":[{"embeddable":true,"href":"https:\/\/www.haasclassics.de\/index.php?rest_route=\/wp\/v2\/users\/1"}],"replies":[{"embeddable":true,"href":"https:\/\/www.haasclassics.de\/index.php?rest_route=%2Fwp%2Fv2%2Fcomments&post=172"}],"version-history":[{"count":9,"href":"https:\/\/www.haasclassics.de\/index.php?rest_route=\/wp\/v2\/pages\/172\/revisions"}],"predecessor-version":[{"id":391,"href":"https:\/\/www.haasclassics.de\/index.php?rest_route=\/wp\/v2\/pages\/172\/revisions\/391"}],"wp:attachment":[{"href":"https:\/\/www.haasclassics.de\/index.php?rest_route=%2Fwp%2Fv2%2Fmedia&parent=172"}],"curies":[{"name":"wp","href":"https:\/\/api.w.org\/{rel}","templated":true}]}}