{"id":4,"date":"2019-01-03T14:21:12","date_gmt":"2019-01-03T14:21:12","guid":{"rendered":"http:\/\/haasclassics.de\/?page_id=4"},"modified":"2020-04-06T11:43:07","modified_gmt":"2020-04-06T11:43:07","slug":"home","status":"publish","type":"page","link":"https:\/\/www.haasclassics.de\/","title":{"rendered":"Willkommen"},"content":{"rendered":"\n<figure class=\"wp-block-image is-resized\"><img loading=\"lazy\" src=\"http:\/\/www.haasclassics.de\/wp-content\/uploads\/2020\/04\/Haas_Classics_Logo_4c_CYMK-1024x755.png\" alt=\"\" class=\"wp-image-295\" width=\"512\" height=\"378\" srcset=\"https:\/\/www.haasclassics.de\/wp-content\/uploads\/2020\/04\/Haas_Classics_Logo_4c_CYMK-1024x755.png 1024w, https:\/\/www.haasclassics.de\/wp-content\/uploads\/2020\/04\/Haas_Classics_Logo_4c_CYMK-300x221.png 300w, https:\/\/www.haasclassics.de\/wp-content\/uploads\/2020\/04\/Haas_Classics_Logo_4c_CYMK-768x566.png 768w, https:\/\/www.haasclassics.de\/wp-content\/uploads\/2020\/04\/Haas_Classics_Logo_4c_CYMK.png 1676w\" sizes=\"(max-width: 512px) 100vw, 512px\" \/><\/figure>\n\n\n\n<p class=\"has-large-font-size\">Haas Classics Germany<\/p>\n\n\n\n<p class=\"has-medium-font-size\">Ersatzteile &amp; Zubeh\u00f6r f\u00fcr klassische Automobile<\/p>\n\n\n\n<blockquote class=\"wp-block-quote\"><p>Haas Classics ist bestrebt seine Kunden mit hochwertigen Ersatzteilen f\u00fcr klassische Automobile zu beliefern, die exklusiv f\u00fcr die Besitzer von Mercedes Benz, Porsche und Jaguar ausgew\u00e4hlt wurden.<\/p><p>Jedes einzelne unserer klassischen Autoteile entspricht oder \u00fcbertrifft  die Qualit\u00e4t des Erstausr\u00fcsters.<\/p><\/blockquote>\n\n\n\n<blockquote class=\"wp-block-quote\"><p>Bitte senden Sie Ihre Anfragen an:<\/p><p><strong>info(at)haasclassics.de<\/strong><\/p><\/blockquote>\n\n\n\n<p class=\"has-medium-font-size\"><\/p>\n\n\n\n<figure class=\"wp-block-image\"><img loading=\"lazy\" width=\"623\" height=\"469\" src=\"http:\/\/www.haasclassics.de\/wp-content\/uploads\/2019\/03\/IMG_9567.png\" alt=\"\" class=\"wp-image-239\" srcset=\"https:\/\/www.haasclassics.de\/wp-content\/uploads\/2019\/03\/IMG_9567.png 623w, https:\/\/www.haasclassics.de\/wp-content\/uploads\/2019\/03\/IMG_9567-300x226.png 300w\" sizes=\"(max-width: 623px) 100vw, 623px\" \/><\/figure>\n","protected":false},"excerpt":{"rendered":"<p>Haas Classics Germany Ersatzteile &amp; Zubeh\u00f6r f\u00fcr klassische Automobile Haas Classics ist bestrebt seine Kunden mit hochwertigen Ersatzteilen f\u00fcr klassische Automobile zu beliefern, die exklusiv f\u00fcr die Besitzer von Mercedes Benz, Porsche und Jaguar ausgew\u00e4hlt wurden. Jedes einzelne unserer klassischen Autoteile entspricht oder \u00fcbertrifft die Qualit\u00e4t des Erstausr\u00fcsters. Bitte senden Sie Ihre Anfragen an: info(at)haasclassics.de<\/p>\n","protected":false},"author":1,"featured_media":5,"parent":0,"menu_order":0,"comment_status":"closed","ping_status":"closed","template":"","meta":[],"_links":{"self":[{"href":"https:\/\/www.haasclassics.de\/index.php?rest_route=\/wp\/v2\/pages\/4"}],"collection":[{"href":"https:\/\/www.haasclassics.de\/index.php?rest_route=\/wp\/v2\/pages"}],"about":[{"href":"https:\/\/www.haasclassics.de\/index.php?rest_route=\/wp\/v2\/types\/page"}],"author":[{"embeddable":true,"href":"https:\/\/www.haasclassics.de\/index.php?rest_route=\/wp\/v2\/users\/1"}],"replies":[{"embeddable":true,"href":"https:\/\/www.haasclassics.de\/index.php?rest_route=%2Fwp%2Fv2%2Fcomments&post=4"}],"version-history":[{"count":30,"href":"https:\/\/www.haasclassics.de\/index.php?rest_route=\/wp\/v2\/pages\/4\/revisions"}],"predecessor-version":[{"id":305,"href":"https:\/\/www.haasclassics.de\/index.php?rest_route=\/wp\/v2\/pages\/4\/revisions\/305"}],"wp:featuredmedia":[{"embeddable":true,"href":"https:\/\/www.haasclassics.de\/index.php?rest_route=\/wp\/v2\/media\/5"}],"wp:attachment":[{"href":"https:\/\/www.haasclassics.de\/index.php?rest_route=%2Fwp%2Fv2%2Fmedia&parent=4"}],"curies":[{"name":"wp","href":"https:\/\/api.w.org\/{rel}","templated":true}]}}